{"id":74,"date":"2023-11-11T17:53:27","date_gmt":"2023-11-11T16:53:27","guid":{"rendered":"https:\/\/zad-incorporation.com\/?page_id=74"},"modified":"2023-11-11T18:16:45","modified_gmt":"2023-11-11T17:16:45","slug":"colibri-wp","status":"publish","type":"page","link":"https:\/\/zad-incorporation.com\/","title":{"rendered":"Front Page"},"content":{"rendered":"<div data-colibri-id=\"74-c36\" class=\"style-188 style-local-74-c36 position-relative\">\n  <!---->\n  <div data-colibri-component=\"section\" data-colibri-id=\"74-c37\" id=\"overlappable\" class=\"h-section h-section-global-spacing d-flex align-items-lg-center align-items-md-center align-items-center style-189 style-local-74-c37 position-relative\">\n    <!---->\n    <!---->\n    <div class=\"h-section-grid-container h-section-boxed-container\">\n      <!---->\n      <div data-colibri-id=\"74-c38\" class=\"h-row-container gutters-row-lg-0 gutters-row-md-0 gutters-row-0 gutters-row-v-lg-0 gutters-row-v-md-0 gutters-row-v-0 style-190 style-local-74-c38 position-relative\">\n        <!---->\n        <div class=\"h-row justify-content-lg-center justify-content-md-center justify-content-center align-items-lg-stretch align-items-md-stretch align-items-stretch gutters-col-lg-0 gutters-col-md-0 gutters-col-0 gutters-col-v-lg-0 gutters-col-v-md-0 gutters-col-v-0\">\n          <!---->\n          <div class=\"h-column h-column-container d-flex h-col-lg-3 h-col-md-6 h-col-12 style-191-outer style-local-74-c39-outer\">\n            <div data-colibri-id=\"74-c39\" class=\"d-flex h-flex-basis h-column__inner h-px-lg-3 h-px-md-3 h-px-2 v-inner-lg-3 v-inner-md-3 v-inner-2 style-191 style-local-74-c39 position-relative\">\n              <!---->\n              <!---->\n              <div class=\"w-100 h-y-container h-column__content h-column__v-align flex-basis-100 align-self-lg-start align-self-md-start align-self-start\">\n                <!---->\n                <div data-colibri-id=\"74-c40\" class=\"h-icon style-192 style-local-74-c40 position-relative h-element\">\n                  <!----><span class=\"h-svg-icon h-icon__icon style-192-icon style-local-74-c40-icon\"><!--Icon by Font Awesome (https:\/\/fontawesome.com)-->\n    <svg version=\"1.1\" xmlns=\"http:\/\/www.w3.org\/2000\/svg\" xmlns:xlink=\"http:\/\/www.w3.org\/1999\/xlink\" id=\"cubes\" viewBox=\"0 0 2304 1896.0833\">\n      <path d=\"M640 1632l384-192v-314l-384 164v342zm-64-454l404-173-404-173-404 173zm1088 454l384-192v-314l-384 164v342zm-64-454l404-173-404-173-404 173zm-448-293l384-165V454l-384 164v267zm-64-379l441-189-441-189-441 189zm1088 518v416q0 36-19 67t-52 47l-448 224q-25 14-57 14t-57-14l-448-224q-4-2-7-4-2 2-7 4l-448 224q-25 14-57 14t-57-14L71 1554q-33-16-52-47t-19-67v-416q0-38 21.5-70T78 906l434-186V320q0-38 21.5-70t56.5-48l448-192q23-10 50-10t50 10l448 192q35 16 56.5 48t21.5 70v400l434 186q36 16 57 48t21 70z\"><\/path>\n    <\/svg><\/span><\/div>\n                <div data-colibri-id=\"74-c41\" class=\"h-global-transition-all h-heading style-193 style-local-74-c41 position-relative h-element\">\n                  <!---->\n                  <div class=\"h-heading__outer style-193 style-local-74-c41\">\n                    <!---->\n                    <!---->\n                    <h5 class=\"\">Immobilier \/ Travaux<\/h5>\n                  <\/div>\n                <\/div>\n                <div data-colibri-id=\"74-c42\" class=\"h-text h-text-component style-194 style-local-74-c42 position-relative h-element\">\n                  <!---->\n                  <!---->\n                  <div class=\"\">\n                    <ul>\n                      <li><strong>Gestion de biens immobiliers<\/strong><\/li>\n                      <li><strong>B\u00e2timent et travaux publics<\/strong><\/li>\n                    <\/ul>\n                  <\/div>\n                <\/div>\n              <\/div>\n            <\/div>\n          <\/div>\n          <div class=\"h-column h-column-container d-flex h-col-lg-3 h-col-md-6 h-col-12 style-195-outer style-local-74-c43-outer\">\n            <div data-colibri-id=\"74-c43\" class=\"d-flex h-flex-basis h-column__inner h-px-lg-3 h-px-md-3 h-px-2 v-inner-lg-3 v-inner-md-3 v-inner-2 style-195 style-local-74-c43 position-relative\">\n              <!---->\n              <!---->\n              <div class=\"w-100 h-y-container h-column__content h-column__v-align flex-basis-100 align-self-lg-start align-self-md-start align-self-start\">\n                <!---->\n                <div data-colibri-id=\"74-c44\" class=\"h-icon style-192 style-local-74-c44 position-relative h-element\">\n                  <!----><span class=\"h-svg-icon h-icon__icon style-192-icon style-local-74-c44-icon\"><!--Icon by Font Awesome (https:\/\/fontawesome.com)-->\n    <svg version=\"1.1\" xmlns=\"http:\/\/www.w3.org\/2000\/svg\" xmlns:xlink=\"http:\/\/www.w3.org\/1999\/xlink\" id=\"users\" viewBox=\"0 0 1920 1896.0833\">\n      <path d=\"M593 896q-162 5-265 128H194q-82 0-138-40.5T0 865q0-353 124-353 6 0 43.5 21t97.5 42.5T384 597q67 0 133-23-5 37-5 66 0 139 81 256zm1071 637q0 120-73 189.5t-194 69.5H523q-121 0-194-69.5T256 1533q0-53 3.5-103.5t14-109T300 1212t43-97.5 62-81 85.5-53.5T602 960q10 0 43 21.5t73 48 107 48 135 21.5 135-21.5 107-48 73-48 43-21.5q61 0 111.5 20t85.5 53.5 62 81 43 97.5 26.5 108.5 14 109 3.5 103.5zM640 256q0 106-75 181t-181 75-181-75-75-181 75-181T384 0t181 75 75 181zm704 384q0 159-112.5 271.5T960 1024 688.5 911.5 576 640t112.5-271.5T960 256t271.5 112.5T1344 640zm576 225q0 78-56 118.5t-138 40.5h-134q-103-123-265-128 81-117 81-256 0-29-5-66 66 23 133 23 59 0 119-21.5t97.5-42.5 43.5-21q124 0 124 353zm-128-609q0 106-75 181t-181 75-181-75-75-181 75-181 181-75 181 75 75 181z\"><\/path>\n    <\/svg><\/span><\/div>\n                <div data-colibri-id=\"74-c45\" class=\"h-global-transition-all h-heading style-193 style-local-74-c45 position-relative h-element\">\n                  <!---->\n                  <div class=\"h-heading__outer style-193 style-local-74-c45\">\n                    <!---->\n                    <!---->\n                    <h5 class=\"\">Commerce <\/h5>\n                  <\/div>\n                <\/div>\n                <div data-colibri-id=\"74-c46\" class=\"h-text h-text-component style-194 style-local-74-c46 position-relative h-element\">\n                  <!---->\n                  <!---->\n                  <div class=\"\">\n                    <ul>\n                      <li><strong>Achat- Vente -Distribution de produits<\/strong><\/li>\n                      <li><strong>Commerce G\u00e9n\u00e9ral<\/strong><\/li>\n                      <li><strong>Prestation de service<\/strong><\/li>\n                    <\/ul>\n                  <\/div>\n                <\/div>\n              <\/div>\n            <\/div>\n          <\/div>\n          <div class=\"h-column h-column-container d-flex h-col-lg-3 h-col-md-6 h-col-12 style-196-outer style-local-74-c47-outer\">\n            <div data-colibri-id=\"74-c47\" class=\"d-flex h-flex-basis h-column__inner h-px-lg-3 h-px-md-3 h-px-2 v-inner-lg-3 v-inner-md-3 v-inner-2 style-196 style-local-74-c47 position-relative\">\n              <!---->\n              <!---->\n              <div class=\"w-100 h-y-container h-column__content h-column__v-align flex-basis-100 align-self-lg-start align-self-md-start align-self-start\">\n                <!---->\n                <div data-colibri-id=\"74-c48\" class=\"h-icon style-192 style-local-74-c48 position-relative h-element\">\n                  <!----><span class=\"h-svg-icon h-icon__icon style-192-icon style-local-74-c48-icon\"><!--Icon by Font Awesome (https:\/\/fontawesome.com)-->\n    <svg version=\"1.1\" xmlns=\"http:\/\/www.w3.org\/2000\/svg\" xmlns:xlink=\"http:\/\/www.w3.org\/1999\/xlink\" id=\"trophy\" viewBox=\"0 0 1664 1896.0833\">\n      <path d=\"M458 883q-74-162-74-371H128v96q0 78 94.5 162T458 883zm1078-275v-96h-256q0 209-74 371 141-29 235.5-113t94.5-162zm128-128v128q0 71-41.5 143t-112 130-173 97.5T1122 1023q-42 54-95 95-38 34-52.5 72.5T960 1280q0 54 30.5 91t97.5 37q75 0 133.5 45.5T1280 1568v64q0 14-9 23t-23 9H416q-14 0-23-9t-9-23v-64q0-69 58.5-114.5T576 1408q67 0 97.5-37t30.5-91q0-51-14.5-89.5T637 1118q-53-41-95-95-113-5-215.5-44.5t-173-97.5-112-130T0 608V480q0-40 28-68t68-28h288v-96q0-66 47-113t113-47h576q66 0 113 47t47 113v96h288q40 0 68 28t28 68z\"><\/path>\n    <\/svg><\/span><\/div>\n                <div data-colibri-id=\"74-c49\" class=\"h-global-transition-all h-heading style-193 style-local-74-c49 position-relative h-element\">\n                  <!---->\n                  <div class=\"h-heading__outer style-193 style-local-74-c49\">\n                    <!---->\n                    <!---->\n                    <h5 class=\"\">Carri\u00e8re<\/h5>\n                  <\/div>\n                <\/div>\n                <div data-colibri-id=\"74-c50\" class=\"h-text h-text-component style-194 style-local-74-c50 position-relative h-element\">\n                  <!---->\n                  <!---->\n                  <div class=\"\">\n                    <ul>\n                      <li><strong>Gestion de carri\u00e8re sportive<\/strong><\/li>\n                    <\/ul>\n                  <\/div>\n                <\/div>\n              <\/div>\n            <\/div>\n          <\/div>\n          <div class=\"h-column h-column-container d-flex h-col-lg-3 h-col-md-6 h-col-12 style-197-outer style-local-74-c51-outer\">\n            <div data-colibri-id=\"74-c51\" class=\"d-flex h-flex-basis h-column__inner h-px-lg-3 h-px-md-3 h-px-2 v-inner-lg-3 v-inner-md-3 v-inner-2 style-197 style-local-74-c51 position-relative\">\n              <!---->\n              <!---->\n              <div class=\"w-100 h-y-container h-column__content h-column__v-align flex-basis-100 align-self-lg-start align-self-md-start align-self-start\">\n                <!---->\n                <div data-colibri-id=\"74-c52\" class=\"h-icon style-192 style-local-74-c52 position-relative h-element\">\n                  <!----><span class=\"h-svg-icon h-icon__icon style-192-icon style-local-74-c52-icon\"><!--Icon by Icons8 Line Awesome (https:\/\/icons8.com\/line-awesome)--><svg version=\"1.1\" xmlns=\"http:\/\/www.w3.org\/2000\/svg\" xmlns:xlink=\"http:\/\/www.w3.org\/1999\/xlink\" id=\"crop\" viewBox=\"0 0 512 545.5\"><path d=\"M128 96h32v265l169-169H176v-32h185l59.5-59.5 23 23L384 183v185h-32V215L183 384h265v32h-64v64h-32v-64H128V192H64v-32h64V96z\"><\/path><\/svg><\/span><\/div>\n                <div\n                  data-colibri-id=\"74-c53\" class=\"h-global-transition-all h-heading style-193 style-local-74-c53 position-relative h-element\">\n                  <!---->\n                  <div class=\"h-heading__outer style-193 style-local-74-c53\">\n                    <!---->\n                    <!---->\n                    <h5 class=\"\">Sur mesure<\/h5>\n                  <\/div>\n              <\/div>\n              <div data-colibri-id=\"74-c54\" class=\"h-text h-text-component style-194 style-local-74-c54 position-relative h-element\">\n                <!---->\n                <!---->\n                <div class=\"\">\n                  <ul>\n                    <li><strong>Prestations diverses sur mesure<\/strong><\/li>\n                  <\/ul>\n                <\/div>\n              <\/div>\n            <\/div>\n          <\/div>\n        <\/div>\n      <\/div>\n    <\/div>\n  <\/div>\n<\/div>\n<div data-colibri-component=\"section\" data-colibri-id=\"74-c55\" id=\"contact\" class=\"h-section h-section-global-spacing d-flex align-items-lg-center align-items-md-center align-items-center style-334 style-local-74-c55 position-relative\">\n  <!---->\n  <!---->\n  <div class=\"h-section-grid-container h-section-boxed-container\">\n    <!---->\n    <div data-colibri-id=\"74-c56\" class=\"h-row-container gutters-row-lg-2 gutters-row-md-2 gutters-row-2 gutters-row-v-lg-2 gutters-row-v-md-2 gutters-row-v-2 style-335 style-local-74-c56 position-relative\">\n      <!---->\n      <div class=\"h-row justify-content-lg-center justify-content-md-center justify-content-center align-items-lg-stretch align-items-md-stretch align-items-stretch gutters-col-lg-2 gutters-col-md-2 gutters-col-2 gutters-col-v-lg-2 gutters-col-v-md-2 gutters-col-v-2\">\n        <!---->\n        <div class=\"h-column h-column-container d-flex h-col-lg-auto h-col-md-auto h-col-auto style-336-outer style-local-74-c57-outer\">\n          <div data-colibri-id=\"74-c57\" class=\"d-flex h-flex-basis h-column__inner h-px-lg-2 h-px-md-2 h-px-2 v-inner-lg-2 v-inner-md-2 v-inner-2 style-336 style-local-74-c57 position-relative\">\n            <!---->\n            <!---->\n            <div class=\"w-100 h-y-container h-column__content h-column__v-align flex-basis-100 align-self-lg-start align-self-md-start align-self-start\">\n              <!---->\n              <div data-colibri-id=\"74-c58\" class=\"h-row-container gutters-row-lg-0 gutters-row-md-0 gutters-row-0 gutters-row-v-lg-0 gutters-row-v-md-0 gutters-row-v-0 style-337 style-local-74-c58 position-relative\">\n                <!---->\n                <div class=\"h-row justify-content-lg-center justify-content-md-center justify-content-center align-items-lg-stretch align-items-md-stretch align-items-stretch gutters-col-lg-0 gutters-col-md-0 gutters-col-0 gutters-col-v-lg-0 gutters-col-v-md-0 gutters-col-v-0\">\n                  <!---->\n                  <div class=\"h-column h-column-container d-flex h-col-lg-auto h-col-md-auto h-col-auto style-338-outer style-local-74-c59-outer\">\n                    <div data-colibri-id=\"74-c59\" class=\"d-flex h-flex-basis h-column__inner h-px-lg-0 h-px-md-0 h-px-0 v-inner-lg-0 v-inner-md-0 v-inner-0 style-338 style-local-74-c59 position-relative\">\n                      <!---->\n                      <!---->\n                      <div class=\"w-100 h-y-container h-column__content h-column__v-align flex-basis-auto align-self-lg-center align-self-md-center align-self-center\">\n                        <!---->\n                        <div data-colibri-id=\"74-c60\" class=\"h-global-transition-all h-heading style-339 style-local-74-c60 position-relative h-element\">\n                          <!---->\n                          <div class=\"h-heading__outer style-339 style-local-74-c60\">\n                            <!---->\n                            <!---->\n                            <h5 class=\"\">Contact<\/h5>\n                          <\/div>\n                        <\/div>\n                      <\/div>\n                    <\/div>\n                  <\/div>\n                  <div class=\"h-column h-column-container d-flex h-col-lg h-col-md h-col style-340-outer style-local-74-c61-outer\">\n                    <div data-colibri-id=\"74-c61\" class=\"d-flex h-flex-basis h-column__inner h-px-lg-2 h-px-md-2 h-px-2 v-inner-lg-0 v-inner-md-0 v-inner-0 style-340 style-local-74-c61 position-relative\">\n                      <!---->\n                      <!---->\n                      <div class=\"w-100 h-y-container h-column__content h-column__v-align flex-basis-100 align-self-lg-center align-self-md-center align-self-center\">\n                        <!---->\n                        <div data-colibri-id=\"74-c62\" class=\"h-divider style-341 style-local-74-c62 position-relative h-element\">\n                          <!----><span class=\"h-divider__line style-341-line style-local-74-c62-line style-341-line style-local-74-c62-line\"><\/span><\/div>\n                      <\/div>\n                    <\/div>\n                  <\/div>\n                <\/div>\n              <\/div>\n              <div data-colibri-id=\"74-c63\" class=\"h-global-transition-all h-heading style-342 style-local-74-c63 position-relative h-element\">\n                <!---->\n                <div class=\"h-heading__outer style-342 style-local-74-c63\">\n                  <!---->\n                  <!---->\n                  <h3 class=\"\">Nous contacter<\/h3>\n                <\/div>\n              <\/div>\n              <div data-colibri-id=\"74-c64\" class=\"h-row-container gutters-row-lg-0 gutters-row-md-0 gutters-row-0 gutters-row-v-lg-0 gutters-row-v-md-0 gutters-row-v-0 style-343 style-local-74-c64 position-relative\">\n                <!---->\n                <div class=\"h-row justify-content-lg-center justify-content-md-center justify-content-center align-items-lg-stretch align-items-md-stretch align-items-stretch gutters-col-lg-0 gutters-col-md-0 gutters-col-0 gutters-col-v-lg-0 gutters-col-v-md-0 gutters-col-v-0\">\n                  <!---->\n                  <div class=\"h-column h-column-container d-flex h-col-lg-auto h-col-md-auto h-col-auto style-344-outer style-local-74-c65-outer\">\n                    <div data-colibri-id=\"74-c65\" class=\"d-flex h-flex-basis h-column__inner h-px-lg-0 h-px-md-0 h-px-0 v-inner-lg-0 v-inner-md-0 v-inner-0 style-344 style-local-74-c65 position-relative\">\n                      <!---->\n                      <!---->\n                      <div class=\"w-100 h-y-container h-column__content h-column__v-align flex-basis-100 align-self-lg-start align-self-md-start align-self-start\">\n                        <!---->\n                        <div data-colibri-id=\"74-c66\" class=\"icon-list d-flex justify-content-lg-start justify-content-md-start justify-content-start style-346 style-local-74-c66 position-relative h-element\">\n                          <!---->\n                          <ul class=\"ul-list-icon vertical-on-desktop vertical-on-tablet vertical-on-mobile justify-content-lg-start justify-content-md-start justify-content-start\">\n                            <!---->\n                            <li class=\"list-item no-gutters\">\n                              <!---->\n                              <div class=\"list-container-divider d-flex justify-content-lg-start justify-content-md-start justify-content-start first-el-spacer\"><\/div> <span class=\"item-link no-gutters\"><div class=\"d-flex h-col no-gutters align-items-lg-center align-items-md-center align-items-center list-item-text-wrapper\"><div class=\"d-flex\"><span  class=\"h-svg-icon style-346-icon style-local-74-c66-icon\"><!--Icon by Icons8 Line Awesome (https:\/\/icons8.com\/line-awesome)--><svg version=\"1.1\" xmlns=\"http:\/\/www.w3.org\/2000\/svg\" xmlns:xlink=\"http:\/\/www.w3.org\/1999\/xlink\" id=\"map-marker\" viewBox=\"0 0 512 545.5\"><path d=\"M256 80c79.336 0 144 64.664 144 144 0 22.5-9.116 48.313-21.5 76.5s-28.314 58.098-44.5 86C301.628 442.306 269 489 269 489l-13 19-13-19s-32.628-46.694-65-102.5c-16.186-27.902-32.116-57.813-44.5-86S112 246.5 112 224c0-79.336 64.664-144 144-144zm0 32c-62.04 0-112 49.96-112 112 0 12.844 6.884 37.06 18.5 63.5s27.686 55.738 43.5 83c25.155 43.364 40.74 66.3 50 80 9.26-13.7 24.845-36.636 50-80 15.815-27.262 31.884-56.56 43.5-83S368 236.844 368 224c0-62.04-49.96-112-112-112zm0 80c17.673 0 32 14.327 32 32s-14.327 32-32 32-32-14.327-32-32 14.327-32 32-32z\"><\/path><\/svg><\/span><\/div>\n                        <span class=\"list-text d-block\"><span>Abidjan Yopougon Camp Militaire, pr\u00e8s de l&rsquo;\u00e9glise catholique St Laurant, Abri 2000, Ilot 22, Lot 22.<br>06 BP 6312 ABIDJAN 06<\/span><\/span>\n                      <\/div>\n                      <\/span>\n                      <div class=\"list-container-divider d-flex justify-content-lg-start justify-content-md-start justify-content-start\">\n                        <!---->\n                      <\/div>\n                      <\/li>\n                      <li class=\"list-item no-gutters\">\n                        <!---->\n                        <!---->\n                        <a href=\"tel: 123456789\" h-use-smooth-scroll=\"true\" class=\"item-link no-gutters\">\n                          <div class=\"d-flex h-col no-gutters align-items-lg-center align-items-md-center align-items-center list-item-text-wrapper\">\n                            <div class=\"d-flex\"><span class=\"h-svg-icon style-346-icon style-local-74-c66-icon\"><!--Icon by Icons8 Line Awesome (https:\/\/icons8.com\/line-awesome)--><svg version=\"1.1\" xmlns=\"http:\/\/www.w3.org\/2000\/svg\" xmlns:xlink=\"http:\/\/www.w3.org\/1999\/xlink\" id=\"phone\" viewBox=\"0 0 512 545.5\"><path d=\"M138.5 80c8.375 0 16.656 3.024 23.5 8.5l1 .5.5.5 64 66 1.5 1.5-.5.5c14.174 13.212 13.968 35.53.5 49l-32 32c4.92 11.277 18.33 40.02 44.5 65 26.358 25.16 53.932 39.467 65.5 45l31.5-31.5.5-.5c13.28-13.28 36.72-13.28 50 0l.5 1 65 65c13.28 13.28 13.28 36.22 0 49.5L405 481.5l-.5.5-.5.5c-15.01 12.867-36.04 17.486-55.5 11h-.5c-37.55-14.693-113.51-48.01-181.5-116C98.773 309.773 64.052 234.84 50.5 196c-.035-.1.034-.4 0-.5-6.703-18.434-1.915-39.738 13.5-54l-.5-.5 50-51.5.5-.5 1-.5c6.844-5.476 15.125-8.5 23.5-8.5zm0 32c-1.172 0-2.344.575-3.5 1.5L86.5 163l-.5.5-.5.5c-5.674 4.863-7.44 14.493-5 21 12.12 34.847 45.2 106.7 108.5 170 62.784 62.784 133.224 93.76 169.5 108 9.34 3.113 17.11 1.833 24.5-4.5l49-49c2.72-2.72 2.72-1.78 0-4.5l-65.5-65.5c-2.72-2.72-2.28-2.72-5 0l-40 40-7.5 7.5-10-4.5s-43.83-18.552-81-52.5l-3.5-3c-38.595-36.84-57-86-57-86l-3.5-10 7.5-7 40-40c1.966-1.966.874-3.6 1-3.5l-.5-.5-1-1-64-65.5c-1.156-.925-2.328-1.5-3.5-1.5z\"><\/path><\/svg><\/span><\/div>\n                            <span class=\"list-text d-block\"><span>07 10 23 16 23<\/span><\/span>\n                          <\/div>\n                        <\/a>\n                        <div class=\"list-container-divider d-flex justify-content-lg-start justify-content-md-start justify-content-start\" style=\"display: none;\">\n                          <!---->\n                        <\/div>\n                        <div class=\"list-container-divider d-flex justify-content-lg-start justify-content-md-start justify-content-start last-el-spacer\"><\/div>\n                      <\/li>\n                      <\/ul>\n                    <\/div>\n                  <\/div>\n                <\/div>\n              <\/div>\n            <\/div>\n          <\/div>\n        <\/div>\n      <\/div>\n    <\/div>\n  <\/div>\n<\/div>\n<\/div>\n<\/div>\n<div data-colibri-component=\"section\" data-colibri-id=\"74-c67\" id=\"custom\" class=\"h-section h-section-global-spacing d-flex align-items-lg-center align-items-md-center align-items-center style-352 style-local-74-c67 position-relative\">\n  <!---->\n  <!---->\n  <div class=\"h-section-grid-container h-section-boxed-container\">\n    <!---->\n    <div data-colibri-id=\"74-c68\" class=\"h-row-container gutters-row-lg-2 gutters-row-md-2 gutters-row-0 gutters-row-v-lg-2 gutters-row-v-md-2 gutters-row-v-2 style-355 style-local-74-c68 position-relative\">\n      <!---->\n      <div class=\"h-row justify-content-lg-center justify-content-md-center justify-content-center align-items-lg-stretch align-items-md-stretch align-items-stretch gutters-col-lg-2 gutters-col-md-2 gutters-col-0 gutters-col-v-lg-2 gutters-col-v-md-2 gutters-col-v-2\">\n        <!---->\n        <div class=\"h-column h-column-container d-flex h-col-lg-auto h-col-md-auto h-col-auto style-356-outer style-local-74-c69-outer\">\n          <div data-colibri-id=\"74-c69\" class=\"d-flex h-flex-basis h-column__inner h-px-lg-2 h-px-md-2 h-px-2 v-inner-lg-2 v-inner-md-2 v-inner-2 style-356 style-local-74-c69 position-relative\">\n            <!---->\n            <!---->\n            <div class=\"w-100 h-y-container h-column__content h-column__v-align flex-basis-100 align-self-lg-start align-self-md-start align-self-start\">\n              <!---->\n              <div data-colibri-id=\"74-c70\" class=\"h-text h-text-component style-357 style-local-74-c70 position-relative h-element\">\n                <!---->\n                <!---->\n                <div class=\"\">\n                  <p>SARL au capital de 1.000.000 F.CFA \/ RCCM : CI-ABJ-03-2022-B13-12089<\/p>\n                <\/div>\n              <\/div>\n            <\/div>\n          <\/div>\n        <\/div>\n      <\/div>\n    <\/div>\n  <\/div>\n<\/div>\n<\/div>","protected":false},"excerpt":{"rendered":"<p>Immobilier \/ Travaux Gestion de biens immobiliers B\u00e2timent et travaux publics Commerce Achat- Vente -Distribution de produits Commerce G\u00e9n\u00e9ral Prestation de service Carri\u00e8re Gestion de carri\u00e8re sportive Sur mesure Prestations diverses sur mesure Contact Nous contacter Abidjan Yopougon Camp Militaire, pr\u00e8s de l&rsquo;\u00e9glise catholique St Laurant, Abri 2000, Ilot 22, Lot 22.06 BP 6312 ABIDJAN [&hellip;]<\/p>\n","protected":false},"author":1,"featured_media":0,"parent":0,"menu_order":0,"comment_status":"closed","ping_status":"closed","template":"page-templates\/homepage.php","meta":{"footnotes":""},"class_list":["post-74","page","type-page","status-publish","hentry"],"_links":{"self":[{"href":"https:\/\/zad-incorporation.com\/index.php?rest_route=\/wp\/v2\/pages\/74","targetHints":{"allow":["GET"]}}],"collection":[{"href":"https:\/\/zad-incorporation.com\/index.php?rest_route=\/wp\/v2\/pages"}],"about":[{"href":"https:\/\/zad-incorporation.com\/index.php?rest_route=\/wp\/v2\/types\/page"}],"author":[{"embeddable":true,"href":"https:\/\/zad-incorporation.com\/index.php?rest_route=\/wp\/v2\/users\/1"}],"replies":[{"embeddable":true,"href":"https:\/\/zad-incorporation.com\/index.php?rest_route=%2Fwp%2Fv2%2Fcomments&post=74"}],"version-history":[{"count":8,"href":"https:\/\/zad-incorporation.com\/index.php?rest_route=\/wp\/v2\/pages\/74\/revisions"}],"predecessor-version":[{"id":159,"href":"https:\/\/zad-incorporation.com\/index.php?rest_route=\/wp\/v2\/pages\/74\/revisions\/159"}],"wp:attachment":[{"href":"https:\/\/zad-incorporation.com\/index.php?rest_route=%2Fwp%2Fv2%2Fmedia&parent=74"}],"curies":[{"name":"wp","href":"https:\/\/api.w.org\/{rel}","templated":true}]}}